{"id":126,"date":"2023-10-12T10:43:25","date_gmt":"2023-10-12T15:43:25","guid":{"rendered":"https:\/\/jmc.asancristobal.com\/?page_id=126"},"modified":"2023-10-19T12:15:29","modified_gmt":"2023-10-19T17:15:29","slug":"nosotros","status":"publish","type":"page","link":"https:\/\/jmc.asancristobal.com\/index.php\/nosotros\/","title":{"rendered":"Nosotros"},"content":{"rendered":"\t\t<div data-elementor-type=\"wp-page\" data-elementor-id=\"126\" class=\"elementor elementor-126\" data-elementor-post-type=\"page\">\n\t\t\t\t\t\t<section class=\"elementor-section elementor-top-section elementor-element elementor-element-1490f17c elementor-section-stretched elementor-section-boxed elementor-section-height-default elementor-section-height-default\" data-id=\"1490f17c\" data-element_type=\"section\" data-settings=\"{&quot;stretch_section&quot;:&quot;section-stretched&quot;}\">\n\t\t\t\t\t\t<div class=\"elementor-container elementor-column-gap-default\">\n\t\t\t\t\t<div class=\"elementor-column elementor-col-100 elementor-top-column elementor-element elementor-element-8e95063\" data-id=\"8e95063\" data-element_type=\"column\">\n\t\t\t<div class=\"elementor-widget-wrap elementor-element-populated\">\n\t\t\t\t\t\t<div class=\"elementor-element elementor-element-27306cc7 elementor-widget elementor-widget-image\" data-id=\"27306cc7\" data-element_type=\"widget\" data-widget_type=\"image.default\">\n\t\t\t\t<div class=\"elementor-widget-container\">\n\t\t\t\t\t\t\t\t\t\t\t\t\t<img fetchpriority=\"high\" decoding=\"async\" width=\"1980\" height=\"869\" src=\"https:\/\/jmc.asancristobal.com\/wp-content\/uploads\/2023\/10\/INICIO-1980x869-1.jpg\" class=\"attachment-full size-full wp-image-624\" alt=\"\" srcset=\"https:\/\/jmc.asancristobal.com\/wp-content\/uploads\/2023\/10\/INICIO-1980x869-1.jpg 1980w, https:\/\/jmc.asancristobal.com\/wp-content\/uploads\/2023\/10\/INICIO-1980x869-1-300x132.jpg 300w, https:\/\/jmc.asancristobal.com\/wp-content\/uploads\/2023\/10\/INICIO-1980x869-1-1024x449.jpg 1024w, https:\/\/jmc.asancristobal.com\/wp-content\/uploads\/2023\/10\/INICIO-1980x869-1-768x337.jpg 768w, https:\/\/jmc.asancristobal.com\/wp-content\/uploads\/2023\/10\/INICIO-1980x869-1-1536x674.jpg 1536w\" sizes=\"(max-width: 1980px) 100vw, 1980px\" \/>\t\t\t\t\t\t\t\t\t\t\t\t\t<\/div>\n\t\t\t\t<\/div>\n\t\t\t\t\t<\/div>\n\t\t<\/div>\n\t\t\t\t\t<\/div>\n\t\t<\/section>\n\t\t\t\t<section class=\"elementor-section elementor-top-section elementor-element elementor-element-16bd5dc8 elementor-section-stretched elementor-section-boxed elementor-section-height-default elementor-section-height-default\" data-id=\"16bd5dc8\" data-element_type=\"section\" data-settings=\"{&quot;stretch_section&quot;:&quot;section-stretched&quot;}\">\n\t\t\t\t\t\t<div class=\"elementor-container elementor-column-gap-default\">\n\t\t\t\t\t<div class=\"elementor-column elementor-col-100 elementor-top-column elementor-element elementor-element-5c29b70a\" data-id=\"5c29b70a\" data-element_type=\"column\">\n\t\t\t<div class=\"elementor-widget-wrap elementor-element-populated\">\n\t\t\t\t\t\t<div class=\"elementor-element elementor-element-36415ae8 elementor-widget elementor-widget-heading\" data-id=\"36415ae8\" data-element_type=\"widget\" data-widget_type=\"heading.default\">\n\t\t\t\t<div class=\"elementor-widget-container\">\n\t\t\t<h1 class=\"elementor-heading-title elementor-size-default\">Nosotros<\/h1>\t\t<\/div>\n\t\t\t\t<\/div>\n\t\t\t\t\t<\/div>\n\t\t<\/div>\n\t\t\t\t\t<\/div>\n\t\t<\/section>\n\t\t\t\t<section class=\"elementor-section elementor-top-section elementor-element elementor-element-11581cb1 elementor-section-stretched elementor-section-boxed elementor-section-height-default elementor-section-height-default\" data-id=\"11581cb1\" data-element_type=\"section\" data-settings=\"{&quot;stretch_section&quot;:&quot;section-stretched&quot;}\">\n\t\t\t\t\t\t<div class=\"elementor-container elementor-column-gap-default\">\n\t\t\t\t\t<div class=\"elementor-column elementor-col-100 elementor-top-column elementor-element elementor-element-6600d5b1\" data-id=\"6600d5b1\" data-element_type=\"column\">\n\t\t\t<div class=\"elementor-widget-wrap elementor-element-populated\">\n\t\t\t\t\t\t<div class=\"elementor-element elementor-element-7a412d42 elementor-widget elementor-widget-text-editor\" data-id=\"7a412d42\" data-element_type=\"widget\" data-widget_type=\"text-editor.default\">\n\t\t\t\t<div class=\"elementor-widget-container\">\n\t\t\t\t\t\t\t<div>Automotriz San Crist\u00f3bal pertenece al grupo de empresas que conforman Grupo San Blas y Automotriz San Blas que cuentan con una experiencia en la comercializaci\u00f3n de veh\u00edculos desde el a\u00f1o 1947 con la direcci\u00f3n del Sr. Miso Miloslavic director y fundador de nuestra empresa.<\/div><div>\u00a0<\/div><div>En 1947 empezamos este largo recorrido con la distribuci\u00f3n de la marca Ford en la ciudad de Huancayo y Selva Central.<\/div><div>\u00a0<\/div><div>En 1968 tomamos la representaci\u00f3n de la marca dodge y 1983 nos integramos a la familia Mitsubishi convirti\u00e9ndonos en l\u00edderes a nivel nacional en la comercializaci\u00f3n de veh\u00edculos. Toda esta experiencia ganada a trav\u00e9s de los a\u00f1os nos ha llevado a reflexionar, analizar, entender y respetar a nuestros clientes finales convirti\u00e9ndolos en nuestros mejores aliados son ellos y a trav\u00e9s de ellos que como grupo crecimos en base a la confianza, seguridad, seriedad y calidad de productos y servicios ofrecidos.<\/div><div>\u00a0<\/div><div>En el a\u00f1o 2011 empezamos operaciones comerciales con la marca Hyundai y marcas que distribuye Motor Mundo. es para nosotros como grupo un orgullo regresar nuevamente a la ciudad de Huancayo a trav\u00e9s de Automotriz San Crist\u00f3bal y poder brindarles veh\u00edculos con est\u00e1ndares de calidad mundial<\/div>\t\t\t\t\t\t<\/div>\n\t\t\t\t<\/div>\n\t\t\t\t\t<\/div>\n\t\t<\/div>\n\t\t\t\t\t<\/div>\n\t\t<\/section>\n\t\t\t\t<\/div>\n\t\t","protected":false},"excerpt":{"rendered":"<p>Nosotros Automotriz San Crist\u00f3bal pertenece al grupo de empresas que conforman Grupo San Blas y Automotriz San Blas que cuentan con una experiencia en la comercializaci\u00f3n de veh\u00edculos desde el a\u00f1o 1947 con la direcci\u00f3n del Sr. Miso Miloslavic director y fundador de nuestra empresa.\u00a0En 1947 empezamos este largo recorrido con la distribuci\u00f3n de la [&hellip;]<\/p>\n","protected":false},"author":1,"featured_media":0,"parent":0,"menu_order":0,"comment_status":"closed","ping_status":"closed","template":"","meta":{"footnotes":""},"class_list":["post-126","page","type-page","status-publish","hentry"],"_links":{"self":[{"href":"https:\/\/jmc.asancristobal.com\/index.php\/wp-json\/wp\/v2\/pages\/126","targetHints":{"allow":["GET"]}}],"collection":[{"href":"https:\/\/jmc.asancristobal.com\/index.php\/wp-json\/wp\/v2\/pages"}],"about":[{"href":"https:\/\/jmc.asancristobal.com\/index.php\/wp-json\/wp\/v2\/types\/page"}],"author":[{"embeddable":true,"href":"https:\/\/jmc.asancristobal.com\/index.php\/wp-json\/wp\/v2\/users\/1"}],"replies":[{"embeddable":true,"href":"https:\/\/jmc.asancristobal.com\/index.php\/wp-json\/wp\/v2\/comments?post=126"}],"version-history":[{"count":10,"href":"https:\/\/jmc.asancristobal.com\/index.php\/wp-json\/wp\/v2\/pages\/126\/revisions"}],"predecessor-version":[{"id":627,"href":"https:\/\/jmc.asancristobal.com\/index.php\/wp-json\/wp\/v2\/pages\/126\/revisions\/627"}],"wp:attachment":[{"href":"https:\/\/jmc.asancristobal.com\/index.php\/wp-json\/wp\/v2\/media?parent=126"}],"curies":[{"name":"wp","href":"https:\/\/api.w.org\/{rel}","templated":true}]}}