{"id":141,"date":"2023-10-12T11:01:18","date_gmt":"2023-10-12T16:01:18","guid":{"rendered":"https:\/\/jmc.asancristobal.com\/?page_id=141"},"modified":"2023-10-12T17:55:06","modified_gmt":"2023-10-12T22:55:06","slug":"postula","status":"publish","type":"page","link":"https:\/\/jmc.asancristobal.com\/index.php\/postula\/","title":{"rendered":"Postula"},"content":{"rendered":"\t\t<div data-elementor-type=\"wp-page\" data-elementor-id=\"141\" class=\"elementor elementor-141\" data-elementor-post-type=\"page\">\n\t\t\t\t\t\t<section class=\"elementor-section elementor-top-section elementor-element elementor-element-2978bccf elementor-section-stretched elementor-section-boxed elementor-section-height-default elementor-section-height-default\" data-id=\"2978bccf\" data-element_type=\"section\" data-settings=\"{&quot;stretch_section&quot;:&quot;section-stretched&quot;}\">\n\t\t\t\t\t\t<div class=\"elementor-container elementor-column-gap-default\">\n\t\t\t\t\t<div class=\"elementor-column elementor-col-100 elementor-top-column elementor-element elementor-element-21026ff5\" data-id=\"21026ff5\" data-element_type=\"column\">\n\t\t\t<div class=\"elementor-widget-wrap elementor-element-populated\">\n\t\t\t\t\t\t<div class=\"elementor-element elementor-element-6a6a4731 elementor-widget elementor-widget-heading\" data-id=\"6a6a4731\" data-element_type=\"widget\" data-widget_type=\"heading.default\">\n\t\t\t\t<div class=\"elementor-widget-container\">\n\t\t\t<h3 class=\"elementor-heading-title elementor-size-default\">Postula con nosotros\n<\/h3>\t\t<\/div>\n\t\t\t\t<\/div>\n\t\t\t\t\t<\/div>\n\t\t<\/div>\n\t\t\t\t\t<\/div>\n\t\t<\/section>\n\t\t\t\t<section class=\"elementor-section elementor-top-section elementor-element elementor-element-5cfa39f2 elementor-section-stretched elementor-section-boxed elementor-section-height-default elementor-section-height-default\" data-id=\"5cfa39f2\" data-element_type=\"section\" data-settings=\"{&quot;stretch_section&quot;:&quot;section-stretched&quot;}\">\n\t\t\t\t\t\t<div class=\"elementor-container elementor-column-gap-default\">\n\t\t\t\t\t<div class=\"elementor-column elementor-col-100 elementor-top-column elementor-element elementor-element-3d31e095\" data-id=\"3d31e095\" data-element_type=\"column\">\n\t\t\t<div class=\"elementor-widget-wrap elementor-element-populated\">\n\t\t\t\t\t\t<div class=\"elementor-element elementor-element-3c5489b3 elementor-widget elementor-widget-text-editor\" data-id=\"3c5489b3\" data-element_type=\"widget\" data-widget_type=\"text-editor.default\">\n\t\t\t\t<div class=\"elementor-widget-container\">\n\t\t\t\t\t\t\t<div class=\"elementor-element elementor-element-11edf396 elementor-widget elementor-widget-text-editor\" data-id=\"11edf396\" data-element_type=\"widget\" data-widget_type=\"text-editor.default\"><div class=\"elementor-widget-container\"><div class=\"elementor-text-editor elementor-clearfix\"><p><span id=\"speechify-first-word-listening-nudge-0\">Constantemente estamos en<\/span>\u00a0b\u00fasqueda de nuevos talentos para que se unan a nuestro equipo, env\u00edanos tus datos y postula con nosotros.<\/p><\/div><\/div><\/div><div class=\"elementor-element elementor-element-3eabd457 elementor-widget elementor-widget-shortcode\" data-id=\"3eabd457\" data-element_type=\"widget\" data-widget_type=\"shortcode.default\"><div class=\"elementor-widget-container\"><div class=\"elementor-shortcode\"><div id=\"wpcf7-f595-p590-o1\" class=\"wpcf7 js\" dir=\"ltr\" lang=\"es-ES\">\u00a0<\/div><\/div><\/div><\/div>\t\t\t\t\t\t<\/div>\n\t\t\t\t<\/div>\n\t\t\t\t<div class=\"elementor-element elementor-element-792c28df elementor-widget elementor-widget-shortcode\" data-id=\"792c28df\" data-element_type=\"widget\" data-widget_type=\"shortcode.default\">\n\t\t\t\t<div class=\"elementor-widget-container\">\n\t\t\t\t\t<div class=\"elementor-shortcode\">\n<div class=\"wpcf7 no-js\" id=\"wpcf7-f92-o1\" lang=\"es-ES\" dir=\"ltr\" data-wpcf7-id=\"92\">\n<div class=\"screen-reader-response\"><p role=\"status\" aria-live=\"polite\" aria-atomic=\"true\"><\/p> <ul><\/ul><\/div>\n<form action=\"\/index.php\/wp-json\/wp\/v2\/pages\/141#wpcf7-f92-o1\" method=\"post\" class=\"wpcf7-form init\" aria-label=\"Formulario de contacto\" enctype=\"multipart\/form-data\" novalidate=\"novalidate\" data-status=\"init\">\n<div style=\"display: none;\">\n<input type=\"hidden\" name=\"_wpcf7\" value=\"92\" \/>\n<input type=\"hidden\" name=\"_wpcf7_version\" value=\"6.0.1\" \/>\n<input type=\"hidden\" name=\"_wpcf7_locale\" value=\"es_ES\" \/>\n<input type=\"hidden\" name=\"_wpcf7_unit_tag\" value=\"wpcf7-f92-o1\" \/>\n<input type=\"hidden\" name=\"_wpcf7_container_post\" value=\"0\" \/>\n<input type=\"hidden\" name=\"_wpcf7_posted_data_hash\" value=\"\" \/>\n<input type=\"hidden\" name=\"_wpcf7cf_hidden_group_fields\" value=\"[]\" \/>\n<input type=\"hidden\" name=\"_wpcf7cf_hidden_groups\" value=\"[]\" \/>\n<input type=\"hidden\" name=\"_wpcf7cf_visible_groups\" value=\"[]\" \/>\n<input type=\"hidden\" name=\"_wpcf7cf_repeaters\" value=\"[]\" \/>\n<input type=\"hidden\" name=\"_wpcf7cf_steps\" value=\"{}\" \/>\n<input type=\"hidden\" name=\"_wpcf7cf_options\" value=\"{&quot;form_id&quot;:92,&quot;conditions&quot;:[],&quot;settings&quot;:{&quot;animation&quot;:&quot;yes&quot;,&quot;animation_intime&quot;:200,&quot;animation_outtime&quot;:200,&quot;conditions_ui&quot;:&quot;normal&quot;,&quot;notice_dismissed&quot;:false}}\" \/>\n<\/div>\n<div class=\"formulario\">\n\t<div class=\"columna2\">\n\t\t<p><label class=\"negrita\"> Nombres y Apellidos(*)<br \/>\n<span class=\"wpcf7-form-control-wrap\" data-name=\"nombre\"><input size=\"40\" maxlength=\"400\" class=\"wpcf7-form-control wpcf7-text wpcf7-validates-as-required\" aria-required=\"true\" aria-invalid=\"false\" value=\"\" type=\"text\" name=\"nombre\" \/><\/span><\/label>\n\t\t<\/p>\n\t<\/div>\n\t<div class=\"columna2\">\n\t\t<p><label class=\"negrita\"> Correo electr\u00f3nico(*)<br \/>\n<span class=\"wpcf7-form-control-wrap\" data-name=\"correo\"><input size=\"40\" maxlength=\"400\" class=\"wpcf7-form-control wpcf7-email wpcf7-validates-as-required wpcf7-text wpcf7-validates-as-email\" aria-required=\"true\" aria-invalid=\"false\" value=\"\" type=\"email\" name=\"correo\" \/><\/span><\/label>\n\t\t<\/p>\n\t<\/div>\n\t<div class=\"columna2\">\n\t\t<p><label class=\"negrita\"> N\u00famero de tel\u00e9fono (*)<br \/>\n<span class=\"wpcf7-form-control-wrap\" data-name=\"telefono\"><input size=\"40\" maxlength=\"400\" class=\"wpcf7-form-control wpcf7-text wpcf7-validates-as-required\" aria-required=\"true\" aria-invalid=\"false\" value=\"\" type=\"text\" name=\"telefono\" \/><\/span><\/label>\n\t\t<\/p>\n\t<\/div>\n\t<div class=\"columna2\">\n\t\t<p><label class=\"negrita\"> Especialidad (*)<br \/>\n<span class=\"wpcf7-form-control-wrap\" data-name=\"especialidad\"><input size=\"40\" maxlength=\"400\" class=\"wpcf7-form-control wpcf7-text wpcf7-validates-as-required\" aria-required=\"true\" aria-invalid=\"false\" value=\"\" type=\"text\" name=\"especialidad\" \/><\/span><\/label>\n\t\t<\/p>\n\t<\/div>\n\t<div class=\"columna1\">\n\t\t<p><label class=\"negrita\"> Adjunta tu CV (en PDF o Word, m\u00e1x 3MB) (*)<br \/>\n<span class=\"wpcf7-form-control-wrap\" data-name=\"file-438\"><input size=\"40\" class=\"wpcf7-form-control wpcf7-file wpcf7-validates-as-required\" accept=\".docx,.pdf\" aria-required=\"true\" aria-invalid=\"false\" type=\"file\" name=\"file-438\" \/><\/span><\/label>\n\t\t<\/p>\n\t\t<p><input class=\"wpcf7-form-control wpcf7-submit has-spinner\" type=\"submit\" value=\"Enviar\" \/>\n\t\t<\/p>\n\t<\/div>\n<\/div><div class=\"wpcf7-response-output\" aria-hidden=\"true\"><\/div>\n<\/form>\n<\/div>\n<\/div>\n\t\t\t\t<\/div>\n\t\t\t\t<\/div>\n\t\t\t\t<div class=\"elementor-element elementor-element-45262a14 elementor-widget elementor-widget-text-editor\" data-id=\"45262a14\" data-element_type=\"widget\" data-widget_type=\"text-editor.default\">\n\t\t\t\t<div class=\"elementor-widget-container\">\n\t\t\t\t\t\t\t<p>Automotriz San Cristobal trabaja con repuestos genuinos y originales. Nos preocupamos por mejorar nuestros est\u00e1ndares de calidad y tiempos. Tenemos el reconocimiento con el menor tiempo de atenci\u00f3n de la cadena, teniendo el m\u00e1s alto nivel de satisfacci\u00f3n de nuestros clientes.<\/p><p>Automotriz San Cristobal esta comprometido en proporcionar la m\u00e1s amplia selecci\u00f3n de piezas y accesorios, todo ello a los precios m\u00e1s competitivos conforme a su calidad.<\/p>\t\t\t\t\t\t<\/div>\n\t\t\t\t<\/div>\n\t\t\t\t\t<\/div>\n\t\t<\/div>\n\t\t\t\t\t<\/div>\n\t\t<\/section>\n\t\t\t\t<\/div>\n\t\t","protected":false},"excerpt":{"rendered":"<p>Postula con nosotros Constantemente estamos en\u00a0b\u00fasqueda de nuevos talentos para que se unan a nuestro equipo, env\u00edanos tus datos y postula con nosotros. \u00a0 Automotriz San Cristobal trabaja con repuestos genuinos y originales. Nos preocupamos por mejorar nuestros est\u00e1ndares de calidad y tiempos. Tenemos el reconocimiento con el menor tiempo de atenci\u00f3n de la cadena, [&hellip;]<\/p>\n","protected":false},"author":1,"featured_media":0,"parent":0,"menu_order":0,"comment_status":"closed","ping_status":"closed","template":"","meta":{"footnotes":""},"class_list":["post-141","page","type-page","status-publish","hentry"],"_links":{"self":[{"href":"https:\/\/jmc.asancristobal.com\/index.php\/wp-json\/wp\/v2\/pages\/141","targetHints":{"allow":["GET"]}}],"collection":[{"href":"https:\/\/jmc.asancristobal.com\/index.php\/wp-json\/wp\/v2\/pages"}],"about":[{"href":"https:\/\/jmc.asancristobal.com\/index.php\/wp-json\/wp\/v2\/types\/page"}],"author":[{"embeddable":true,"href":"https:\/\/jmc.asancristobal.com\/index.php\/wp-json\/wp\/v2\/users\/1"}],"replies":[{"embeddable":true,"href":"https:\/\/jmc.asancristobal.com\/index.php\/wp-json\/wp\/v2\/comments?post=141"}],"version-history":[{"count":7,"href":"https:\/\/jmc.asancristobal.com\/index.php\/wp-json\/wp\/v2\/pages\/141\/revisions"}],"predecessor-version":[{"id":447,"href":"https:\/\/jmc.asancristobal.com\/index.php\/wp-json\/wp\/v2\/pages\/141\/revisions\/447"}],"wp:attachment":[{"href":"https:\/\/jmc.asancristobal.com\/index.php\/wp-json\/wp\/v2\/media?parent=141"}],"curies":[{"name":"wp","href":"https:\/\/api.w.org\/{rel}","templated":true}]}}