{"id":184,"date":"2023-10-12T11:15:59","date_gmt":"2023-10-12T16:15:59","guid":{"rendered":"https:\/\/jmc.asancristobal.com\/?page_id=184"},"modified":"2023-10-19T12:25:01","modified_gmt":"2023-10-19T17:25:01","slug":"new-carrying-2-0t-sc","status":"publish","type":"page","link":"https:\/\/jmc.asancristobal.com\/index.php\/new-carrying-2-0t-sc\/","title":{"rendered":"NEW CARRYING 2.0T SC\u200b"},"content":{"rendered":"\t\t<div data-elementor-type=\"wp-page\" data-elementor-id=\"184\" class=\"elementor elementor-184\" data-elementor-post-type=\"page\">\n\t\t\t\t\t\t<section class=\"elementor-section elementor-top-section elementor-element elementor-element-3a2bd2ff elementor-section-stretched elementor-section-full_width elementor-section-height-default elementor-section-height-default\" data-id=\"3a2bd2ff\" data-element_type=\"section\" data-settings=\"{&quot;stretch_section&quot;:&quot;section-stretched&quot;}\">\n\t\t\t\t\t\t<div class=\"elementor-container elementor-column-gap-default\">\n\t\t\t\t\t<div class=\"elementor-column elementor-col-100 elementor-top-column elementor-element elementor-element-1968cb0d\" data-id=\"1968cb0d\" data-element_type=\"column\">\n\t\t\t<div class=\"elementor-widget-wrap elementor-element-populated\">\n\t\t\t\t\t\t<div class=\"elementor-element elementor-element-380e11b elementor-widget elementor-widget-image\" data-id=\"380e11b\" data-element_type=\"widget\" data-widget_type=\"image.default\">\n\t\t\t\t<div class=\"elementor-widget-container\">\n\t\t\t\t\t\t\t\t\t\t\t\t\t<img fetchpriority=\"high\" decoding=\"async\" width=\"2000\" height=\"613\" src=\"https:\/\/jmc.asancristobal.com\/wp-content\/uploads\/2023\/10\/banner-new-carrying-2t-sc.jpg\" class=\"attachment-full size-full wp-image-186\" alt=\"\" srcset=\"https:\/\/jmc.asancristobal.com\/wp-content\/uploads\/2023\/10\/banner-new-carrying-2t-sc.jpg 2000w, https:\/\/jmc.asancristobal.com\/wp-content\/uploads\/2023\/10\/banner-new-carrying-2t-sc-300x92.jpg 300w, https:\/\/jmc.asancristobal.com\/wp-content\/uploads\/2023\/10\/banner-new-carrying-2t-sc-1024x314.jpg 1024w, https:\/\/jmc.asancristobal.com\/wp-content\/uploads\/2023\/10\/banner-new-carrying-2t-sc-768x235.jpg 768w, https:\/\/jmc.asancristobal.com\/wp-content\/uploads\/2023\/10\/banner-new-carrying-2t-sc-1536x471.jpg 1536w, https:\/\/jmc.asancristobal.com\/wp-content\/uploads\/2023\/10\/banner-new-carrying-2t-sc-1200x368.jpg 1200w, https:\/\/jmc.asancristobal.com\/wp-content\/uploads\/2023\/10\/banner-new-carrying-2t-sc-1980x607.jpg 1980w\" sizes=\"(max-width: 2000px) 100vw, 2000px\" \/>\t\t\t\t\t\t\t\t\t\t\t\t\t<\/div>\n\t\t\t\t<\/div>\n\t\t\t\t\t<\/div>\n\t\t<\/div>\n\t\t\t\t\t<\/div>\n\t\t<\/section>\n\t\t\t\t<section class=\"elementor-section elementor-top-section elementor-element elementor-element-7398dd8d elementor-section-stretched elementor-section-boxed elementor-section-height-default elementor-section-height-default\" data-id=\"7398dd8d\" data-element_type=\"section\" data-settings=\"{&quot;stretch_section&quot;:&quot;section-stretched&quot;}\">\n\t\t\t\t\t\t<div class=\"elementor-container elementor-column-gap-default\">\n\t\t\t\t\t<div class=\"elementor-column elementor-col-50 elementor-top-column elementor-element elementor-element-5106e349\" data-id=\"5106e349\" data-element_type=\"column\">\n\t\t\t<div class=\"elementor-widget-wrap elementor-element-populated\">\n\t\t\t\t\t\t<div class=\"elementor-element elementor-element-4c003fc2 elementor-widget elementor-widget-heading\" data-id=\"4c003fc2\" data-element_type=\"widget\" data-widget_type=\"heading.default\">\n\t\t\t\t<div class=\"elementor-widget-container\">\n\t\t\t<h3 class=\"elementor-heading-title elementor-size-default\">NEW CARRYING 2.0 CHASIS\n<\/h3>\t\t<\/div>\n\t\t\t\t<\/div>\n\t\t\t\t\t<\/div>\n\t\t<\/div>\n\t\t\t\t<div class=\"elementor-column elementor-col-50 elementor-top-column elementor-element elementor-element-46320b6c\" data-id=\"46320b6c\" data-element_type=\"column\">\n\t\t\t<div class=\"elementor-widget-wrap elementor-element-populated\">\n\t\t\t\t\t\t<div class=\"elementor-element elementor-element-1bcea833 elementor-align-right elementor-mobile-align-center elementor-widget elementor-widget-button\" data-id=\"1bcea833\" data-element_type=\"widget\" data-widget_type=\"button.default\">\n\t\t\t\t<div class=\"elementor-widget-container\">\n\t\t\t\t\t\t\t<div class=\"elementor-button-wrapper\">\n\t\t\t\t\t<a class=\"elementor-button elementor-button-link elementor-size-sm\" href=\"https:\/\/jmc.asancristobal.com\/wp-content\/uploads\/2023\/10\/ft-jmc-carrying-2-0-sc-1.pdf\" target=\"_blank\">\n\t\t\t\t\t\t<span class=\"elementor-button-content-wrapper\">\n\t\t\t\t\t\t<span class=\"elementor-button-icon\">\n\t\t\t\t<i aria-hidden=\"true\" class=\"far fa-file-pdf\"><\/i>\t\t\t<\/span>\n\t\t\t\t\t\t\t\t\t<span class=\"elementor-button-text\">DESCARGAR FICHA T\u00c9CNICA<\/span>\n\t\t\t\t\t<\/span>\n\t\t\t\t\t<\/a>\n\t\t\t\t<\/div>\n\t\t\t\t\t\t<\/div>\n\t\t\t\t<\/div>\n\t\t\t\t\t<\/div>\n\t\t<\/div>\n\t\t\t\t\t<\/div>\n\t\t<\/section>\n\t\t\t\t<section class=\"elementor-section elementor-top-section elementor-element elementor-element-153a4b3a elementor-section-stretched elementor-section-boxed elementor-section-height-default elementor-section-height-default\" data-id=\"153a4b3a\" data-element_type=\"section\" data-settings=\"{&quot;stretch_section&quot;:&quot;section-stretched&quot;}\">\n\t\t\t\t\t\t<div class=\"elementor-container elementor-column-gap-default\">\n\t\t\t\t\t<div class=\"elementor-column elementor-col-100 elementor-top-column elementor-element elementor-element-af567f\" data-id=\"af567f\" data-element_type=\"column\">\n\t\t\t<div class=\"elementor-widget-wrap elementor-element-populated\">\n\t\t\t\t\t\t<div class=\"elementor-element elementor-element-1f7926be elementor-widget elementor-widget-text-editor\" data-id=\"1f7926be\" data-element_type=\"widget\" data-widget_type=\"text-editor.default\">\n\t\t\t\t<div class=\"elementor-widget-container\">\n\t\t\t\t\t\t\t<p><span id=\"speechify-first-word-listening-nudge-1\">El New Carrying<\/span>\u00a02.0 chasis es la mejor opci\u00f3n, te permitir\u00e1 equipar la parte trasera de tu cami\u00f3n seg\u00fan la necesidad de tu negocio, adem\u00e1s se caracteriza por ser un cami\u00f3n liviano con capacidad de carga de 2 toneladas pensado para realizar trabajos en zonas urbanas o de espacios limitados. Este cami\u00f3n en venta solo requiere licencia de conducci\u00f3n categor\u00eda A1 por lo que siempre estar\u00e1s un paso adelante.<\/p>\t\t\t\t\t\t<\/div>\n\t\t\t\t<\/div>\n\t\t\t\t\t<\/div>\n\t\t<\/div>\n\t\t\t\t\t<\/div>\n\t\t<\/section>\n\t\t\t\t<section class=\"elementor-section elementor-top-section elementor-element elementor-element-58daedb9 elementor-section-stretched elementor-section-boxed elementor-section-height-default elementor-section-height-default\" data-id=\"58daedb9\" data-element_type=\"section\" data-settings=\"{&quot;stretch_section&quot;:&quot;section-stretched&quot;,&quot;background_background&quot;:&quot;classic&quot;}\">\n\t\t\t\t\t\t<div class=\"elementor-container elementor-column-gap-default\">\n\t\t\t\t\t<div class=\"elementor-column elementor-col-50 elementor-top-column elementor-element elementor-element-500d9522\" data-id=\"500d9522\" data-element_type=\"column\">\n\t\t\t<div class=\"elementor-widget-wrap elementor-element-populated\">\n\t\t\t\t\t\t<div class=\"elementor-element elementor-element-73501029 elementor-widget elementor-widget-image\" data-id=\"73501029\" data-element_type=\"widget\" data-widget_type=\"image.default\">\n\t\t\t\t<div class=\"elementor-widget-container\">\n\t\t\t\t\t\t\t\t\t\t\t\t\t<img decoding=\"async\" width=\"580\" height=\"330\" src=\"https:\/\/jmc.asancristobal.com\/wp-content\/uploads\/2023\/10\/thmb_newcarrying20-1-2.png\" class=\"attachment-large size-large wp-image-629\" alt=\"\" srcset=\"https:\/\/jmc.asancristobal.com\/wp-content\/uploads\/2023\/10\/thmb_newcarrying20-1-2.png 580w, https:\/\/jmc.asancristobal.com\/wp-content\/uploads\/2023\/10\/thmb_newcarrying20-1-2-300x171.png 300w\" sizes=\"(max-width: 580px) 100vw, 580px\" \/>\t\t\t\t\t\t\t\t\t\t\t\t\t<\/div>\n\t\t\t\t<\/div>\n\t\t\t\t\t<\/div>\n\t\t<\/div>\n\t\t\t\t<div class=\"elementor-column elementor-col-50 elementor-top-column elementor-element elementor-element-16210065\" data-id=\"16210065\" data-element_type=\"column\">\n\t\t\t<div class=\"elementor-widget-wrap elementor-element-populated\">\n\t\t\t\t\t\t<div class=\"elementor-element elementor-element-25ab03d elementor-widget-divider--view-line elementor-widget elementor-widget-divider\" data-id=\"25ab03d\" data-element_type=\"widget\" data-widget_type=\"divider.default\">\n\t\t\t\t<div class=\"elementor-widget-container\">\n\t\t\t\t\t<div class=\"elementor-divider\">\n\t\t\t<span class=\"elementor-divider-separator\">\n\t\t\t\t\t\t<\/span>\n\t\t<\/div>\n\t\t\t\t<\/div>\n\t\t\t\t<\/div>\n\t\t\t\t<div class=\"elementor-element elementor-element-37a07a78 elementor-widget elementor-widget-heading\" data-id=\"37a07a78\" data-element_type=\"widget\" data-widget_type=\"heading.default\">\n\t\t\t\t<div class=\"elementor-widget-container\">\n\t\t\t<h4 class=\"elementor-heading-title elementor-size-default\">Caracter\u00edsticas principales\n<\/h4>\t\t<\/div>\n\t\t\t\t<\/div>\n\t\t\t\t<div class=\"elementor-element elementor-element-5187a7c elementor-widget elementor-widget-accordion\" data-id=\"5187a7c\" data-element_type=\"widget\" data-widget_type=\"accordion.default\">\n\t\t\t\t<div class=\"elementor-widget-container\">\n\t\t\t\t\t<div class=\"elementor-accordion\">\n\t\t\t\t\t\t\t<div class=\"elementor-accordion-item\">\n\t\t\t\t\t<div id=\"elementor-tab-title-8541\" class=\"elementor-tab-title\" data-tab=\"1\" role=\"button\" aria-controls=\"elementor-tab-content-8541\" aria-expanded=\"false\">\n\t\t\t\t\t\t\t\t\t\t\t\t\t<span class=\"elementor-accordion-icon elementor-accordion-icon-left\" aria-hidden=\"true\">\n\t\t\t\t\t\t\t\t\t\t\t\t\t\t\t<span class=\"elementor-accordion-icon-closed\"><i class=\"fas fa-plus\"><\/i><\/span>\n\t\t\t\t\t\t\t\t<span class=\"elementor-accordion-icon-opened\"><i class=\"fas fa-minus\"><\/i><\/span>\n\t\t\t\t\t\t\t\t\t\t\t\t\t\t<\/span>\n\t\t\t\t\t\t\t\t\t\t\t\t<a class=\"elementor-accordion-title\" tabindex=\"0\">MOTOR<\/a>\n\t\t\t\t\t<\/div>\n\t\t\t\t\t<div id=\"elementor-tab-content-8541\" class=\"elementor-tab-content elementor-clearfix\" data-tab=\"1\" role=\"region\" aria-labelledby=\"elementor-tab-title-8541\"><table class=\"table pt-4\"><tbody><tr><td class=\"spec-resaltante\">Motor y N\u00b0 cilindros<\/td><td class=\"spec-resaltante\" data-label=\"Peso bruto\">Isuzu 2.8 Turbo Diesel Intercooler \/ 04 cilindros en l\u00ednea<\/td><\/tr><tr><td class=\"\">Potencia y torque m\u00e1ximo<\/td><td class=\"\" data-label=\"Peso neto\">109 HP \/ 3,800 RPM &#8211; 260 Nm \/1,800-2,000 RPM<\/td><\/tr><tr><td class=\"\">Capacidad de tanque de combustible<\/td><td class=\"\" data-label=\"Capacidad de carga\">60 L \/ 15 gal<\/td><\/tr><tr><td class=\"\">Nivel de emisiones<\/td><td class=\"\" data-label=\"Capacidad de carga\">Euro IV<\/td><\/tr><\/tbody><\/table><\/div>\n\t\t\t\t<\/div>\n\t\t\t\t\t\t\t<div class=\"elementor-accordion-item\">\n\t\t\t\t\t<div id=\"elementor-tab-title-8542\" class=\"elementor-tab-title\" data-tab=\"2\" role=\"button\" aria-controls=\"elementor-tab-content-8542\" aria-expanded=\"false\">\n\t\t\t\t\t\t\t\t\t\t\t\t\t<span class=\"elementor-accordion-icon elementor-accordion-icon-left\" aria-hidden=\"true\">\n\t\t\t\t\t\t\t\t\t\t\t\t\t\t\t<span class=\"elementor-accordion-icon-closed\"><i class=\"fas fa-plus\"><\/i><\/span>\n\t\t\t\t\t\t\t\t<span class=\"elementor-accordion-icon-opened\"><i class=\"fas fa-minus\"><\/i><\/span>\n\t\t\t\t\t\t\t\t\t\t\t\t\t\t<\/span>\n\t\t\t\t\t\t\t\t\t\t\t\t<a class=\"elementor-accordion-title\" tabindex=\"0\">PESOS<\/a>\n\t\t\t\t\t<\/div>\n\t\t\t\t\t<div id=\"elementor-tab-content-8542\" class=\"elementor-tab-content elementor-clearfix\" data-tab=\"2\" role=\"region\" aria-labelledby=\"elementor-tab-title-8542\"><table class=\"table pt-4\"><tbody><tr><td class=\"spec-resaltante\"><strong>Peso bruto<\/strong><\/td><td class=\"spec-resaltante\" data-label=\"Peso bruto\">3,495 kg.<\/td><\/tr><tr><td class=\"\"><strong>Peso neto<\/strong><\/td><td class=\"\" data-label=\"Peso neto\">1,495 kg<\/td><\/tr><tr><td class=\"\"><strong>Capacidad de carga<\/strong><\/td><td class=\"\" data-label=\"Capacidad de carga\">2 toneladas<\/td><\/tr><\/tbody><\/table><\/div>\n\t\t\t\t<\/div>\n\t\t\t\t\t\t\t\t<\/div>\n\t\t\t\t<\/div>\n\t\t\t\t<\/div>\n\t\t\t\t\t<\/div>\n\t\t<\/div>\n\t\t\t\t\t<\/div>\n\t\t<\/section>\n\t\t\t\t<section class=\"elementor-section elementor-top-section elementor-element elementor-element-2de343b elementor-section-stretched elementor-section-boxed elementor-section-height-default elementor-section-height-default\" data-id=\"2de343b\" data-element_type=\"section\" data-settings=\"{&quot;stretch_section&quot;:&quot;section-stretched&quot;}\">\n\t\t\t\t\t\t<div class=\"elementor-container elementor-column-gap-default\">\n\t\t\t\t\t<div class=\"elementor-column elementor-col-100 elementor-top-column elementor-element elementor-element-69b05db\" data-id=\"69b05db\" data-element_type=\"column\">\n\t\t\t<div class=\"elementor-widget-wrap elementor-element-populated\">\n\t\t\t\t\t\t<div class=\"elementor-element elementor-element-333112a elementor-widget elementor-widget-heading\" data-id=\"333112a\" data-element_type=\"widget\" data-widget_type=\"heading.default\">\n\t\t\t\t<div class=\"elementor-widget-container\">\n\t\t\t<h3 class=\"elementor-heading-title elementor-size-default\">DIMENSIONES<\/h3>\t\t<\/div>\n\t\t\t\t<\/div>\n\t\t\t\t<div class=\"elementor-element elementor-element-a6233ea elementor-widget elementor-widget-gallery\" data-id=\"a6233ea\" data-element_type=\"widget\" data-settings=\"{&quot;columns&quot;:2,&quot;lazyload&quot;:&quot;yes&quot;,&quot;gallery_layout&quot;:&quot;grid&quot;,&quot;columns_tablet&quot;:2,&quot;columns_mobile&quot;:1,&quot;gap&quot;:{&quot;unit&quot;:&quot;px&quot;,&quot;size&quot;:10,&quot;sizes&quot;:[]},&quot;gap_tablet&quot;:{&quot;unit&quot;:&quot;px&quot;,&quot;size&quot;:10,&quot;sizes&quot;:[]},&quot;gap_mobile&quot;:{&quot;unit&quot;:&quot;px&quot;,&quot;size&quot;:10,&quot;sizes&quot;:[]},&quot;link_to&quot;:&quot;file&quot;,&quot;aspect_ratio&quot;:&quot;3:2&quot;,&quot;overlay_background&quot;:&quot;yes&quot;,&quot;content_hover_animation&quot;:&quot;fade-in&quot;}\" data-widget_type=\"gallery.default\">\n\t\t\t\t<div class=\"elementor-widget-container\">\n\t\t\t\t\t<div class=\"elementor-gallery__container\">\n\t\t\t\t\t\t\t<a class=\"e-gallery-item elementor-gallery-item elementor-animated-content\" href=\"https:\/\/jmc.asancristobal.com\/wp-content\/uploads\/2023\/10\/new-carrying-2.0-SC-lateral-1.png\" data-elementor-open-lightbox=\"yes\" data-elementor-lightbox-slideshow=\"a6233ea\" data-elementor-lightbox-title=\"new-carrying-2.0-SC-lateral.png\" data-e-action-hash=\"#elementor-action%3Aaction%3Dlightbox%26settings%3DeyJpZCI6MjQxLCJ1cmwiOiJodHRwczpcL1wvam1jLmFzYW5jcmlzdG9iYWwuY29tXC93cC1jb250ZW50XC91cGxvYWRzXC8yMDIzXC8xMFwvbmV3LWNhcnJ5aW5nLTIuMC1TQy1sYXRlcmFsLTEucG5nIiwic2xpZGVzaG93IjoiYTYyMzNlYSJ9\">\n\t\t\t\t\t<div class=\"e-gallery-image elementor-gallery-item__image\" data-thumbnail=\"https:\/\/jmc.asancristobal.com\/wp-content\/uploads\/2023\/10\/new-carrying-2.0-SC-lateral-1-768x442.png\" data-width=\"768\" data-height=\"442\" aria-label=\"\" role=\"img\" ><\/div>\n\t\t\t\t\t\t\t\t\t\t\t<div class=\"elementor-gallery-item__overlay\"><\/div>\n\t\t\t\t\t\t\t\t\t\t\t\t\t\t<\/a>\n\t\t\t\t\t\t\t<a class=\"e-gallery-item elementor-gallery-item elementor-animated-content\" href=\"https:\/\/jmc.asancristobal.com\/wp-content\/uploads\/2023\/10\/new-carrying-2.0-SC-frontal-1.png\" data-elementor-open-lightbox=\"yes\" data-elementor-lightbox-slideshow=\"a6233ea\" data-elementor-lightbox-title=\"new-carrying-2.0-SC-frontal.png\" data-e-action-hash=\"#elementor-action%3Aaction%3Dlightbox%26settings%3DeyJpZCI6MjQwLCJ1cmwiOiJodHRwczpcL1wvam1jLmFzYW5jcmlzdG9iYWwuY29tXC93cC1jb250ZW50XC91cGxvYWRzXC8yMDIzXC8xMFwvbmV3LWNhcnJ5aW5nLTIuMC1TQy1mcm9udGFsLTEucG5nIiwic2xpZGVzaG93IjoiYTYyMzNlYSJ9\">\n\t\t\t\t\t<div class=\"e-gallery-image elementor-gallery-item__image\" data-thumbnail=\"https:\/\/jmc.asancristobal.com\/wp-content\/uploads\/2023\/10\/new-carrying-2.0-SC-frontal-1-768x442.png\" data-width=\"768\" data-height=\"442\" aria-label=\"\" role=\"img\" ><\/div>\n\t\t\t\t\t\t\t\t\t\t\t<div class=\"elementor-gallery-item__overlay\"><\/div>\n\t\t\t\t\t\t\t\t\t\t\t\t\t\t<\/a>\n\t\t\t\t\t<\/div>\n\t\t\t<\/div>\n\t\t\t\t<\/div>\n\t\t\t\t<div class=\"elementor-element elementor-element-e524628 elementor-widget-divider--view-line elementor-widget elementor-widget-divider\" data-id=\"e524628\" data-element_type=\"widget\" data-widget_type=\"divider.default\">\n\t\t\t\t<div class=\"elementor-widget-container\">\n\t\t\t\t\t<div class=\"elementor-divider\">\n\t\t\t<span class=\"elementor-divider-separator\">\n\t\t\t\t\t\t<\/span>\n\t\t<\/div>\n\t\t\t\t<\/div>\n\t\t\t\t<\/div>\n\t\t\t\t<div class=\"elementor-element elementor-element-25e82ac elementor-widget elementor-widget-gallery\" data-id=\"25e82ac\" data-element_type=\"widget\" data-settings=\"{&quot;columns&quot;:3,&quot;lazyload&quot;:&quot;yes&quot;,&quot;gallery_layout&quot;:&quot;grid&quot;,&quot;columns_tablet&quot;:2,&quot;columns_mobile&quot;:1,&quot;gap&quot;:{&quot;unit&quot;:&quot;px&quot;,&quot;size&quot;:10,&quot;sizes&quot;:[]},&quot;gap_tablet&quot;:{&quot;unit&quot;:&quot;px&quot;,&quot;size&quot;:10,&quot;sizes&quot;:[]},&quot;gap_mobile&quot;:{&quot;unit&quot;:&quot;px&quot;,&quot;size&quot;:10,&quot;sizes&quot;:[]},&quot;link_to&quot;:&quot;file&quot;,&quot;aspect_ratio&quot;:&quot;3:2&quot;,&quot;overlay_background&quot;:&quot;yes&quot;,&quot;content_hover_animation&quot;:&quot;fade-in&quot;}\" data-widget_type=\"gallery.default\">\n\t\t\t\t<div class=\"elementor-widget-container\">\n\t\t\t\t\t<div class=\"elementor-gallery__container\">\n\t\t\t\t\t\t\t<a class=\"e-gallery-item elementor-gallery-item elementor-animated-content\" href=\"https:\/\/jmc.asancristobal.com\/wp-content\/uploads\/2023\/10\/galeria01-5.jpg\" data-elementor-open-lightbox=\"yes\" data-elementor-lightbox-slideshow=\"25e82ac\" data-elementor-lightbox-title=\"galeria01-5.jpg\" data-e-action-hash=\"#elementor-action%3Aaction%3Dlightbox%26settings%3DeyJpZCI6MTg3LCJ1cmwiOiJodHRwczpcL1wvam1jLmFzYW5jcmlzdG9iYWwuY29tXC93cC1jb250ZW50XC91cGxvYWRzXC8yMDIzXC8xMFwvZ2FsZXJpYTAxLTUuanBnIiwic2xpZGVzaG93IjoiMjVlODJhYyJ9\">\n\t\t\t\t\t<div class=\"e-gallery-image elementor-gallery-item__image\" data-thumbnail=\"https:\/\/jmc.asancristobal.com\/wp-content\/uploads\/2023\/10\/galeria01-5-768x442.jpg\" data-width=\"768\" data-height=\"442\" aria-label=\"\" role=\"img\" ><\/div>\n\t\t\t\t\t\t\t\t\t\t\t<div class=\"elementor-gallery-item__overlay\"><\/div>\n\t\t\t\t\t\t\t\t\t\t\t\t\t\t<\/a>\n\t\t\t\t\t\t\t<a class=\"e-gallery-item elementor-gallery-item elementor-animated-content\" href=\"https:\/\/jmc.asancristobal.com\/wp-content\/uploads\/2023\/10\/galeria02-5.jpg\" data-elementor-open-lightbox=\"yes\" data-elementor-lightbox-slideshow=\"25e82ac\" data-elementor-lightbox-title=\"galeria02-5.jpg\" data-e-action-hash=\"#elementor-action%3Aaction%3Dlightbox%26settings%3DeyJpZCI6MTg4LCJ1cmwiOiJodHRwczpcL1wvam1jLmFzYW5jcmlzdG9iYWwuY29tXC93cC1jb250ZW50XC91cGxvYWRzXC8yMDIzXC8xMFwvZ2FsZXJpYTAyLTUuanBnIiwic2xpZGVzaG93IjoiMjVlODJhYyJ9\">\n\t\t\t\t\t<div class=\"e-gallery-image elementor-gallery-item__image\" data-thumbnail=\"https:\/\/jmc.asancristobal.com\/wp-content\/uploads\/2023\/10\/galeria02-5-768x442.jpg\" data-width=\"768\" data-height=\"442\" aria-label=\"\" role=\"img\" ><\/div>\n\t\t\t\t\t\t\t\t\t\t\t<div class=\"elementor-gallery-item__overlay\"><\/div>\n\t\t\t\t\t\t\t\t\t\t\t\t\t\t<\/a>\n\t\t\t\t\t\t\t<a class=\"e-gallery-item elementor-gallery-item elementor-animated-content\" href=\"https:\/\/jmc.asancristobal.com\/wp-content\/uploads\/2023\/10\/galeria03-5.jpg\" data-elementor-open-lightbox=\"yes\" data-elementor-lightbox-slideshow=\"25e82ac\" data-elementor-lightbox-title=\"galeria03-5.jpg\" data-e-action-hash=\"#elementor-action%3Aaction%3Dlightbox%26settings%3DeyJpZCI6MTg5LCJ1cmwiOiJodHRwczpcL1wvam1jLmFzYW5jcmlzdG9iYWwuY29tXC93cC1jb250ZW50XC91cGxvYWRzXC8yMDIzXC8xMFwvZ2FsZXJpYTAzLTUuanBnIiwic2xpZGVzaG93IjoiMjVlODJhYyJ9\">\n\t\t\t\t\t<div class=\"e-gallery-image elementor-gallery-item__image\" data-thumbnail=\"https:\/\/jmc.asancristobal.com\/wp-content\/uploads\/2023\/10\/galeria03-5-768x442.jpg\" data-width=\"768\" data-height=\"442\" aria-label=\"\" role=\"img\" ><\/div>\n\t\t\t\t\t\t\t\t\t\t\t<div class=\"elementor-gallery-item__overlay\"><\/div>\n\t\t\t\t\t\t\t\t\t\t\t\t\t\t<\/a>\n\t\t\t\t\t<\/div>\n\t\t\t<\/div>\n\t\t\t\t<\/div>\n\t\t\t\t\t<\/div>\n\t\t<\/div>\n\t\t\t\t\t<\/div>\n\t\t<\/section>\n\t\t\t\t<\/div>\n\t\t","protected":false},"excerpt":{"rendered":"<p>NEW CARRYING 2.0 CHASIS DESCARGAR FICHA T\u00c9CNICA El New Carrying\u00a02.0 chasis es la mejor opci\u00f3n, te permitir\u00e1 equipar la parte trasera de tu cami\u00f3n seg\u00fan la necesidad de tu negocio, adem\u00e1s se caracteriza por ser un cami\u00f3n liviano con capacidad de carga de 2 toneladas pensado para realizar trabajos en zonas urbanas o de espacios [&hellip;]<\/p>\n","protected":false},"author":1,"featured_media":0,"parent":0,"menu_order":0,"comment_status":"closed","ping_status":"closed","template":"","meta":{"footnotes":""},"class_list":["post-184","page","type-page","status-publish","hentry"],"_links":{"self":[{"href":"https:\/\/jmc.asancristobal.com\/index.php\/wp-json\/wp\/v2\/pages\/184","targetHints":{"allow":["GET"]}}],"collection":[{"href":"https:\/\/jmc.asancristobal.com\/index.php\/wp-json\/wp\/v2\/pages"}],"about":[{"href":"https:\/\/jmc.asancristobal.com\/index.php\/wp-json\/wp\/v2\/types\/page"}],"author":[{"embeddable":true,"href":"https:\/\/jmc.asancristobal.com\/index.php\/wp-json\/wp\/v2\/users\/1"}],"replies":[{"embeddable":true,"href":"https:\/\/jmc.asancristobal.com\/index.php\/wp-json\/wp\/v2\/comments?post=184"}],"version-history":[{"count":10,"href":"https:\/\/jmc.asancristobal.com\/index.php\/wp-json\/wp\/v2\/pages\/184\/revisions"}],"predecessor-version":[{"id":632,"href":"https:\/\/jmc.asancristobal.com\/index.php\/wp-json\/wp\/v2\/pages\/184\/revisions\/632"}],"wp:attachment":[{"href":"https:\/\/jmc.asancristobal.com\/index.php\/wp-json\/wp\/v2\/media?parent=184"}],"curies":[{"name":"wp","href":"https:\/\/api.w.org\/{rel}","templated":true}]}}