{"id":197,"date":"2023-10-12T11:25:26","date_gmt":"2023-10-12T16:25:26","guid":{"rendered":"https:\/\/jmc.asancristobal.com\/?page_id=197"},"modified":"2023-10-19T12:01:13","modified_gmt":"2023-10-19T17:01:13","slug":"conquer","status":"publish","type":"page","link":"https:\/\/jmc.asancristobal.com\/index.php\/conquer\/","title":{"rendered":"CONQUER"},"content":{"rendered":"\t\t<div data-elementor-type=\"wp-page\" data-elementor-id=\"197\" class=\"elementor elementor-197\" data-elementor-post-type=\"page\">\n\t\t\t\t\t\t<section class=\"elementor-section elementor-top-section elementor-element elementor-element-14735b12 elementor-section-stretched elementor-section-full_width elementor-section-height-default elementor-section-height-default\" data-id=\"14735b12\" data-element_type=\"section\" data-settings=\"{&quot;stretch_section&quot;:&quot;section-stretched&quot;}\">\n\t\t\t\t\t\t<div class=\"elementor-container elementor-column-gap-default\">\n\t\t\t\t\t<div class=\"elementor-column elementor-col-100 elementor-top-column elementor-element elementor-element-7f80d6d7\" data-id=\"7f80d6d7\" data-element_type=\"column\">\n\t\t\t<div class=\"elementor-widget-wrap elementor-element-populated\">\n\t\t\t\t\t\t<div class=\"elementor-element elementor-element-56f28db6 elementor-widget elementor-widget-image\" data-id=\"56f28db6\" data-element_type=\"widget\" data-widget_type=\"image.default\">\n\t\t\t\t<div class=\"elementor-widget-container\">\n\t\t\t\t\t\t\t\t\t\t\t\t\t<img fetchpriority=\"high\" decoding=\"async\" width=\"2000\" height=\"570\" src=\"https:\/\/jmc.asancristobal.com\/wp-content\/uploads\/2023\/10\/hero-conquer_desktop.webp\" class=\"attachment-full size-full wp-image-609\" alt=\"\" srcset=\"https:\/\/jmc.asancristobal.com\/wp-content\/uploads\/2023\/10\/hero-conquer_desktop.webp 2000w, https:\/\/jmc.asancristobal.com\/wp-content\/uploads\/2023\/10\/hero-conquer_desktop-300x86.webp 300w, https:\/\/jmc.asancristobal.com\/wp-content\/uploads\/2023\/10\/hero-conquer_desktop-1024x292.webp 1024w, https:\/\/jmc.asancristobal.com\/wp-content\/uploads\/2023\/10\/hero-conquer_desktop-768x219.webp 768w, https:\/\/jmc.asancristobal.com\/wp-content\/uploads\/2023\/10\/hero-conquer_desktop-1536x438.webp 1536w\" sizes=\"(max-width: 2000px) 100vw, 2000px\" \/>\t\t\t\t\t\t\t\t\t\t\t\t\t<\/div>\n\t\t\t\t<\/div>\n\t\t\t\t\t<\/div>\n\t\t<\/div>\n\t\t\t\t\t<\/div>\n\t\t<\/section>\n\t\t\t\t<section class=\"elementor-section elementor-top-section elementor-element elementor-element-bef88f7 elementor-section-stretched elementor-section-boxed elementor-section-height-default elementor-section-height-default\" data-id=\"bef88f7\" data-element_type=\"section\" data-settings=\"{&quot;stretch_section&quot;:&quot;section-stretched&quot;}\">\n\t\t\t\t\t\t<div class=\"elementor-container elementor-column-gap-default\">\n\t\t\t\t\t<div class=\"elementor-column elementor-col-50 elementor-top-column elementor-element elementor-element-7436be57\" data-id=\"7436be57\" data-element_type=\"column\">\n\t\t\t<div class=\"elementor-widget-wrap elementor-element-populated\">\n\t\t\t\t\t\t<div class=\"elementor-element elementor-element-9a3a699 elementor-widget elementor-widget-heading\" data-id=\"9a3a699\" data-element_type=\"widget\" data-widget_type=\"heading.default\">\n\t\t\t\t<div class=\"elementor-widget-container\">\n\t\t\t<h3 class=\"elementor-heading-title elementor-size-default\">CONQUER 6.0<\/h3>\t\t<\/div>\n\t\t\t\t<\/div>\n\t\t\t\t\t<\/div>\n\t\t<\/div>\n\t\t\t\t<div class=\"elementor-column elementor-col-50 elementor-top-column elementor-element elementor-element-24ee8126\" data-id=\"24ee8126\" data-element_type=\"column\">\n\t\t\t<div class=\"elementor-widget-wrap elementor-element-populated\">\n\t\t\t\t\t\t<div class=\"elementor-element elementor-element-1bfe8eb6 elementor-align-right elementor-mobile-align-center elementor-widget elementor-widget-button\" data-id=\"1bfe8eb6\" data-element_type=\"widget\" data-widget_type=\"button.default\">\n\t\t\t\t<div class=\"elementor-widget-container\">\n\t\t\t\t\t\t\t<div class=\"elementor-button-wrapper\">\n\t\t\t\t\t<a class=\"elementor-button elementor-button-link elementor-size-sm\" href=\"https:\/\/jmc.asancristobal.com\/wp-content\/uploads\/2023\/10\/ft-jmc-conquer.pdf\" target=\"_blank\">\n\t\t\t\t\t\t<span class=\"elementor-button-content-wrapper\">\n\t\t\t\t\t\t<span class=\"elementor-button-icon\">\n\t\t\t\t<i aria-hidden=\"true\" class=\"far fa-file-pdf\"><\/i>\t\t\t<\/span>\n\t\t\t\t\t\t\t\t\t<span class=\"elementor-button-text\">DESCARGAR FICHA T\u00c9CNICA<\/span>\n\t\t\t\t\t<\/span>\n\t\t\t\t\t<\/a>\n\t\t\t\t<\/div>\n\t\t\t\t\t\t<\/div>\n\t\t\t\t<\/div>\n\t\t\t\t\t<\/div>\n\t\t<\/div>\n\t\t\t\t\t<\/div>\n\t\t<\/section>\n\t\t\t\t<section class=\"elementor-section elementor-top-section elementor-element elementor-element-594c6a9f elementor-section-stretched elementor-section-boxed elementor-section-height-default elementor-section-height-default\" data-id=\"594c6a9f\" data-element_type=\"section\" data-settings=\"{&quot;stretch_section&quot;:&quot;section-stretched&quot;}\">\n\t\t\t\t\t\t<div class=\"elementor-container elementor-column-gap-default\">\n\t\t\t\t\t<div class=\"elementor-column elementor-col-100 elementor-top-column elementor-element elementor-element-2c25b085\" data-id=\"2c25b085\" data-element_type=\"column\">\n\t\t\t<div class=\"elementor-widget-wrap elementor-element-populated\">\n\t\t\t\t\t\t<div class=\"elementor-element elementor-element-629db085 elementor-widget elementor-widget-text-editor\" data-id=\"629db085\" data-element_type=\"widget\" data-widget_type=\"text-editor.default\">\n\t\t\t\t<div class=\"elementor-widget-container\">\n\t\t\t\t\t\t\t<h5>El cami\u00f3n\u00a0m\u00e1s\u00a0resistente.<\/h5>\t\t\t\t\t\t<\/div>\n\t\t\t\t<\/div>\n\t\t\t\t<div class=\"elementor-element elementor-element-1078542d elementor-widget elementor-widget-text-editor\" data-id=\"1078542d\" data-element_type=\"widget\" data-widget_type=\"text-editor.default\">\n\t\t\t\t<div class=\"elementor-widget-container\">\n\t\t\t\t\t\t\t<p><span id=\"speechify-first-word-listening-nudge-1\">El Cami\u00f3n Conquer<\/span>\u00a06.0 es el mejor cami\u00f3n en resistencia de carga, ya que cuenta con una capacidad de carga de 6 toneladas. Este cami\u00f3n JMC est\u00e1 dise\u00f1ado para cumplir con las exigencias del mercado porque te da la confianza para recorrer cualquier tipo de geograf\u00eda, tanto en la ciudad, como en la sierra y selva. Por donde lo veas, el Cami\u00f3n Conquer 6.0 ser\u00e1 tu mejor opci\u00f3n, para que est\u00e9s siempre un paso adelante.<\/p>\t\t\t\t\t\t<\/div>\n\t\t\t\t<\/div>\n\t\t\t\t\t<\/div>\n\t\t<\/div>\n\t\t\t\t\t<\/div>\n\t\t<\/section>\n\t\t\t\t<section class=\"elementor-section elementor-top-section elementor-element elementor-element-7271e7da elementor-section-stretched elementor-section-boxed elementor-section-height-default elementor-section-height-default\" data-id=\"7271e7da\" data-element_type=\"section\" data-settings=\"{&quot;stretch_section&quot;:&quot;section-stretched&quot;,&quot;background_background&quot;:&quot;classic&quot;}\">\n\t\t\t\t\t\t<div class=\"elementor-container elementor-column-gap-default\">\n\t\t\t\t\t<div class=\"elementor-column elementor-col-50 elementor-top-column elementor-element elementor-element-306dfdd7\" data-id=\"306dfdd7\" data-element_type=\"column\">\n\t\t\t<div class=\"elementor-widget-wrap elementor-element-populated\">\n\t\t\t\t\t\t<div class=\"elementor-element elementor-element-2411e46c elementor-widget elementor-widget-image\" data-id=\"2411e46c\" data-element_type=\"widget\" data-widget_type=\"image.default\">\n\t\t\t\t<div class=\"elementor-widget-container\">\n\t\t\t\t\t\t\t\t\t\t\t\t\t<img decoding=\"async\" width=\"580\" height=\"330\" src=\"https:\/\/jmc.asancristobal.com\/wp-content\/uploads\/2023\/10\/fotomodelo_der-conquer.png\" class=\"attachment-large size-large wp-image-607\" alt=\"\" srcset=\"https:\/\/jmc.asancristobal.com\/wp-content\/uploads\/2023\/10\/fotomodelo_der-conquer.png 580w, https:\/\/jmc.asancristobal.com\/wp-content\/uploads\/2023\/10\/fotomodelo_der-conquer-300x171.png 300w\" sizes=\"(max-width: 580px) 100vw, 580px\" \/>\t\t\t\t\t\t\t\t\t\t\t\t\t<\/div>\n\t\t\t\t<\/div>\n\t\t\t\t\t<\/div>\n\t\t<\/div>\n\t\t\t\t<div class=\"elementor-column elementor-col-50 elementor-top-column elementor-element elementor-element-702855e1\" data-id=\"702855e1\" data-element_type=\"column\">\n\t\t\t<div class=\"elementor-widget-wrap elementor-element-populated\">\n\t\t\t\t\t\t<div class=\"elementor-element elementor-element-043bd63 elementor-widget-divider--view-line elementor-widget elementor-widget-divider\" data-id=\"043bd63\" data-element_type=\"widget\" data-widget_type=\"divider.default\">\n\t\t\t\t<div class=\"elementor-widget-container\">\n\t\t\t\t\t<div class=\"elementor-divider\">\n\t\t\t<span class=\"elementor-divider-separator\">\n\t\t\t\t\t\t<\/span>\n\t\t<\/div>\n\t\t\t\t<\/div>\n\t\t\t\t<\/div>\n\t\t\t\t<div class=\"elementor-element elementor-element-58355ec0 elementor-widget elementor-widget-heading\" data-id=\"58355ec0\" data-element_type=\"widget\" data-widget_type=\"heading.default\">\n\t\t\t\t<div class=\"elementor-widget-container\">\n\t\t\t<h4 class=\"elementor-heading-title elementor-size-default\">Caracter\u00edsticas principales\n<\/h4>\t\t<\/div>\n\t\t\t\t<\/div>\n\t\t\t\t<div class=\"elementor-element elementor-element-64fe52b1 elementor-widget elementor-widget-accordion\" data-id=\"64fe52b1\" data-element_type=\"widget\" data-widget_type=\"accordion.default\">\n\t\t\t\t<div class=\"elementor-widget-container\">\n\t\t\t\t\t<div class=\"elementor-accordion\">\n\t\t\t\t\t\t\t<div class=\"elementor-accordion-item\">\n\t\t\t\t\t<div id=\"elementor-tab-title-1691\" class=\"elementor-tab-title\" data-tab=\"1\" role=\"button\" aria-controls=\"elementor-tab-content-1691\" aria-expanded=\"false\">\n\t\t\t\t\t\t\t\t\t\t\t\t\t<span class=\"elementor-accordion-icon elementor-accordion-icon-left\" aria-hidden=\"true\">\n\t\t\t\t\t\t\t\t\t\t\t\t\t\t\t<span class=\"elementor-accordion-icon-closed\"><i class=\"fas fa-plus\"><\/i><\/span>\n\t\t\t\t\t\t\t\t<span class=\"elementor-accordion-icon-opened\"><i class=\"fas fa-minus\"><\/i><\/span>\n\t\t\t\t\t\t\t\t\t\t\t\t\t\t<\/span>\n\t\t\t\t\t\t\t\t\t\t\t\t<a class=\"elementor-accordion-title\" tabindex=\"0\">MOTOR<\/a>\n\t\t\t\t\t<\/div>\n\t\t\t\t\t<div id=\"elementor-tab-content-1691\" class=\"elementor-tab-content elementor-clearfix\" data-tab=\"1\" role=\"region\" aria-labelledby=\"elementor-tab-title-1691\"><table class=\"table pt-4\"><tbody><tr><td class=\"spec-resaltante\">Motor y N\u00b0 cilindros<\/td><td class=\"spec-resaltante\" data-label=\"Peso bruto\">Isuzu 2.9 Turbo Diesel Intercooler \/ 04 cilindros en l\u00ednea<\/td><\/tr><tr><td class=\"\">Potencia y torque m\u00e1ximo<\/td><td class=\"\" data-label=\"Peso neto\">150HP \/ 2,800 RPM &#8211; 380 Nm \/1,600-2,800RPM<\/td><\/tr><tr><td class=\"\">Capacidad de tanque de combustible<\/td><td class=\"\" data-label=\"Capacidad de carga\">100 L \/ 22 gal<\/td><\/tr><tr><td class=\"\">Nivel de emisiones<\/td><td class=\"\" data-label=\"Capacidad de carga\">Euro IV<\/td><\/tr><\/tbody><\/table><\/div>\n\t\t\t\t<\/div>\n\t\t\t\t\t\t\t<div class=\"elementor-accordion-item\">\n\t\t\t\t\t<div id=\"elementor-tab-title-1692\" class=\"elementor-tab-title\" data-tab=\"2\" role=\"button\" aria-controls=\"elementor-tab-content-1692\" aria-expanded=\"false\">\n\t\t\t\t\t\t\t\t\t\t\t\t\t<span class=\"elementor-accordion-icon elementor-accordion-icon-left\" aria-hidden=\"true\">\n\t\t\t\t\t\t\t\t\t\t\t\t\t\t\t<span class=\"elementor-accordion-icon-closed\"><i class=\"fas fa-plus\"><\/i><\/span>\n\t\t\t\t\t\t\t\t<span class=\"elementor-accordion-icon-opened\"><i class=\"fas fa-minus\"><\/i><\/span>\n\t\t\t\t\t\t\t\t\t\t\t\t\t\t<\/span>\n\t\t\t\t\t\t\t\t\t\t\t\t<a class=\"elementor-accordion-title\" tabindex=\"0\">PESOS<\/a>\n\t\t\t\t\t<\/div>\n\t\t\t\t\t<div id=\"elementor-tab-content-1692\" class=\"elementor-tab-content elementor-clearfix\" data-tab=\"2\" role=\"region\" aria-labelledby=\"elementor-tab-title-1692\"><table class=\"table pt-4\"><tbody><tr><td class=\"spec-resaltante\"><strong>Peso bruto<\/strong><\/td><td class=\"spec-resaltante\" data-label=\"Peso bruto\">8,720 kg.<\/td><\/tr><tr><td class=\"\"><strong>Peso neto<\/strong><\/td><td class=\"\" data-label=\"Peso neto\">2,830 kg<\/td><\/tr><tr><td class=\"\"><strong>Capacidad de carga<\/strong><\/td><td class=\"\" data-label=\"Capacidad de carga\">6 toneladas<\/td><\/tr><\/tbody><\/table><\/div>\n\t\t\t\t<\/div>\n\t\t\t\t\t\t\t\t<\/div>\n\t\t\t\t<\/div>\n\t\t\t\t<\/div>\n\t\t\t\t\t<\/div>\n\t\t<\/div>\n\t\t\t\t\t<\/div>\n\t\t<\/section>\n\t\t\t\t<section class=\"elementor-section elementor-top-section elementor-element elementor-element-1fd78a52 elementor-section-stretched elementor-section-full_width elementor-section-height-default elementor-section-height-default\" data-id=\"1fd78a52\" data-element_type=\"section\" data-settings=\"{&quot;stretch_section&quot;:&quot;section-stretched&quot;}\">\n\t\t\t\t\t\t<div class=\"elementor-container elementor-column-gap-default\">\n\t\t\t\t\t<div class=\"elementor-column elementor-col-100 elementor-top-column elementor-element elementor-element-2814326a\" data-id=\"2814326a\" data-element_type=\"column\">\n\t\t\t<div class=\"elementor-widget-wrap elementor-element-populated\">\n\t\t\t\t\t\t<div class=\"elementor-element elementor-element-3de101b elementor-widget-divider--view-line elementor-widget elementor-widget-divider\" data-id=\"3de101b\" data-element_type=\"widget\" data-widget_type=\"divider.default\">\n\t\t\t\t<div class=\"elementor-widget-container\">\n\t\t\t\t\t<div class=\"elementor-divider\">\n\t\t\t<span class=\"elementor-divider-separator\">\n\t\t\t\t\t\t<\/span>\n\t\t<\/div>\n\t\t\t\t<\/div>\n\t\t\t\t<\/div>\n\t\t\t\t<div class=\"elementor-element elementor-element-e2a5ebe elementor-widget elementor-widget-gallery\" data-id=\"e2a5ebe\" data-element_type=\"widget\" data-settings=\"{&quot;lazyload&quot;:&quot;yes&quot;,&quot;gallery_layout&quot;:&quot;grid&quot;,&quot;columns&quot;:4,&quot;columns_tablet&quot;:2,&quot;columns_mobile&quot;:1,&quot;gap&quot;:{&quot;unit&quot;:&quot;px&quot;,&quot;size&quot;:10,&quot;sizes&quot;:[]},&quot;gap_tablet&quot;:{&quot;unit&quot;:&quot;px&quot;,&quot;size&quot;:10,&quot;sizes&quot;:[]},&quot;gap_mobile&quot;:{&quot;unit&quot;:&quot;px&quot;,&quot;size&quot;:10,&quot;sizes&quot;:[]},&quot;link_to&quot;:&quot;file&quot;,&quot;aspect_ratio&quot;:&quot;3:2&quot;,&quot;overlay_background&quot;:&quot;yes&quot;,&quot;content_hover_animation&quot;:&quot;fade-in&quot;}\" data-widget_type=\"gallery.default\">\n\t\t\t\t<div class=\"elementor-widget-container\">\n\t\t\t\t\t<div class=\"elementor-gallery__container\">\n\t\t\t\t\t\t\t<a class=\"e-gallery-item elementor-gallery-item elementor-animated-content\" href=\"https:\/\/jmc.asancristobal.com\/wp-content\/uploads\/2023\/10\/galeria-conquer-2.webp\" data-elementor-open-lightbox=\"yes\" data-elementor-lightbox-slideshow=\"e2a5ebe\" data-elementor-lightbox-title=\"galeria-conquer-2\" data-e-action-hash=\"#elementor-action%3Aaction%3Dlightbox%26settings%3DeyJpZCI6NjA4LCJ1cmwiOiJodHRwczpcL1wvam1jLmFzYW5jcmlzdG9iYWwuY29tXC93cC1jb250ZW50XC91cGxvYWRzXC8yMDIzXC8xMFwvZ2FsZXJpYS1jb25xdWVyLTIud2VicCIsInNsaWRlc2hvdyI6ImUyYTVlYmUifQ%3D%3D\">\n\t\t\t\t\t<div class=\"e-gallery-image elementor-gallery-item__image\" data-thumbnail=\"https:\/\/jmc.asancristobal.com\/wp-content\/uploads\/2023\/10\/galeria-conquer-2-300x167.webp\" data-width=\"300\" data-height=\"167\" aria-label=\"\" role=\"img\" ><\/div>\n\t\t\t\t\t\t\t\t\t\t\t<div class=\"elementor-gallery-item__overlay\"><\/div>\n\t\t\t\t\t\t\t\t\t\t\t\t\t\t<\/a>\n\t\t\t\t\t\t\t<a class=\"e-gallery-item elementor-gallery-item elementor-animated-content\" href=\"https:\/\/jmc.asancristobal.com\/wp-content\/uploads\/2023\/10\/conquer-galeria4.jpg\" data-elementor-open-lightbox=\"yes\" data-elementor-lightbox-slideshow=\"e2a5ebe\" data-elementor-lightbox-title=\"conquer-galeria4\" data-e-action-hash=\"#elementor-action%3Aaction%3Dlightbox%26settings%3DeyJpZCI6NjA2LCJ1cmwiOiJodHRwczpcL1wvam1jLmFzYW5jcmlzdG9iYWwuY29tXC93cC1jb250ZW50XC91cGxvYWRzXC8yMDIzXC8xMFwvY29ucXVlci1nYWxlcmlhNC5qcGciLCJzbGlkZXNob3ciOiJlMmE1ZWJlIn0%3D\">\n\t\t\t\t\t<div class=\"e-gallery-image elementor-gallery-item__image\" data-thumbnail=\"https:\/\/jmc.asancristobal.com\/wp-content\/uploads\/2023\/10\/conquer-galeria4-300x167.jpg\" data-width=\"300\" data-height=\"167\" aria-label=\"\" role=\"img\" ><\/div>\n\t\t\t\t\t\t\t\t\t\t\t<div class=\"elementor-gallery-item__overlay\"><\/div>\n\t\t\t\t\t\t\t\t\t\t\t\t\t\t<\/a>\n\t\t\t\t\t\t\t<a class=\"e-gallery-item elementor-gallery-item elementor-animated-content\" href=\"https:\/\/jmc.asancristobal.com\/wp-content\/uploads\/2023\/10\/conquer-galeria3.jpg\" data-elementor-open-lightbox=\"yes\" data-elementor-lightbox-slideshow=\"e2a5ebe\" data-elementor-lightbox-title=\"conquer-galeria3\" data-e-action-hash=\"#elementor-action%3Aaction%3Dlightbox%26settings%3DeyJpZCI6NjA1LCJ1cmwiOiJodHRwczpcL1wvam1jLmFzYW5jcmlzdG9iYWwuY29tXC93cC1jb250ZW50XC91cGxvYWRzXC8yMDIzXC8xMFwvY29ucXVlci1nYWxlcmlhMy5qcGciLCJzbGlkZXNob3ciOiJlMmE1ZWJlIn0%3D\">\n\t\t\t\t\t<div class=\"e-gallery-image elementor-gallery-item__image\" data-thumbnail=\"https:\/\/jmc.asancristobal.com\/wp-content\/uploads\/2023\/10\/conquer-galeria3-300x167.jpg\" data-width=\"300\" data-height=\"167\" aria-label=\"\" role=\"img\" ><\/div>\n\t\t\t\t\t\t\t\t\t\t\t<div class=\"elementor-gallery-item__overlay\"><\/div>\n\t\t\t\t\t\t\t\t\t\t\t\t\t\t<\/a>\n\t\t\t\t\t\t\t<a class=\"e-gallery-item elementor-gallery-item elementor-animated-content\" href=\"https:\/\/jmc.asancristobal.com\/wp-content\/uploads\/2023\/10\/conquer-galeria1.jpg\" data-elementor-open-lightbox=\"yes\" data-elementor-lightbox-slideshow=\"e2a5ebe\" data-elementor-lightbox-title=\"conquer-galeria1\" data-e-action-hash=\"#elementor-action%3Aaction%3Dlightbox%26settings%3DeyJpZCI6NjA0LCJ1cmwiOiJodHRwczpcL1wvam1jLmFzYW5jcmlzdG9iYWwuY29tXC93cC1jb250ZW50XC91cGxvYWRzXC8yMDIzXC8xMFwvY29ucXVlci1nYWxlcmlhMS5qcGciLCJzbGlkZXNob3ciOiJlMmE1ZWJlIn0%3D\">\n\t\t\t\t\t<div class=\"e-gallery-image elementor-gallery-item__image\" data-thumbnail=\"https:\/\/jmc.asancristobal.com\/wp-content\/uploads\/2023\/10\/conquer-galeria1-300x167.jpg\" data-width=\"300\" data-height=\"167\" aria-label=\"\" role=\"img\" ><\/div>\n\t\t\t\t\t\t\t\t\t\t\t<div class=\"elementor-gallery-item__overlay\"><\/div>\n\t\t\t\t\t\t\t\t\t\t\t\t\t\t<\/a>\n\t\t\t\t\t<\/div>\n\t\t\t<\/div>\n\t\t\t\t<\/div>\n\t\t\t\t\t<\/div>\n\t\t<\/div>\n\t\t\t\t\t<\/div>\n\t\t<\/section>\n\t\t\t\t<\/div>\n\t\t","protected":false},"excerpt":{"rendered":"<p>CONQUER 6.0 DESCARGAR FICHA T\u00c9CNICA El cami\u00f3n\u00a0m\u00e1s\u00a0resistente. El Cami\u00f3n Conquer\u00a06.0 es el mejor cami\u00f3n en resistencia de carga, ya que cuenta con una capacidad de carga de 6 toneladas. Este cami\u00f3n JMC est\u00e1 dise\u00f1ado para cumplir con las exigencias del mercado porque te da la confianza para recorrer cualquier tipo de geograf\u00eda, tanto en la [&hellip;]<\/p>\n","protected":false},"author":1,"featured_media":0,"parent":0,"menu_order":0,"comment_status":"closed","ping_status":"closed","template":"","meta":{"footnotes":""},"class_list":["post-197","page","type-page","status-publish","hentry"],"_links":{"self":[{"href":"https:\/\/jmc.asancristobal.com\/index.php\/wp-json\/wp\/v2\/pages\/197","targetHints":{"allow":["GET"]}}],"collection":[{"href":"https:\/\/jmc.asancristobal.com\/index.php\/wp-json\/wp\/v2\/pages"}],"about":[{"href":"https:\/\/jmc.asancristobal.com\/index.php\/wp-json\/wp\/v2\/types\/page"}],"author":[{"embeddable":true,"href":"https:\/\/jmc.asancristobal.com\/index.php\/wp-json\/wp\/v2\/users\/1"}],"replies":[{"embeddable":true,"href":"https:\/\/jmc.asancristobal.com\/index.php\/wp-json\/wp\/v2\/comments?post=197"}],"version-history":[{"count":11,"href":"https:\/\/jmc.asancristobal.com\/index.php\/wp-json\/wp\/v2\/pages\/197\/revisions"}],"predecessor-version":[{"id":612,"href":"https:\/\/jmc.asancristobal.com\/index.php\/wp-json\/wp\/v2\/pages\/197\/revisions\/612"}],"wp:attachment":[{"href":"https:\/\/jmc.asancristobal.com\/index.php\/wp-json\/wp\/v2\/media?parent=197"}],"curies":[{"name":"wp","href":"https:\/\/api.w.org\/{rel}","templated":true}]}}